{"id":2218,"date":"2018-01-19T10:09:47","date_gmt":"2018-01-19T10:09:47","guid":{"rendered":"http:\/\/193.2.92.62\/en\/?page_id=2218"},"modified":"2025-04-23T21:58:36","modified_gmt":"2025-04-23T21:58:36","slug":"luka-pajek","status":"publish","type":"page","link":"https:\/\/kske.fgg.uni-lj.si\/en\/kske-members\/luka-pajek\/","title":{"rendered":"Assist. Prof. dr. Luka Pajek"},"content":{"rendered":"<p>[vc_row][vc_column][vc_row_inner][vc_column_inner width=&#8221;1\/2&#8243;][vc_single_image image=&#8221;2173&#8243; img_size=&#8221;large&#8221; alignment=&#8221;center&#8221; image_hovers=&#8221;false&#8221;][vc_raw_html css=&#8221;.vc_custom_1516356490988{margin-top: 20px !important;margin-bottom: 20px !important;}&#8221;]JTVCdGFibGUlMjBpZCUzRDQlMjByZXNwb25zaXZlJTNEc2Nyb2xsJTIwJTJGJTVE[\/vc_raw_html][\/vc_column_inner][vc_column_inner width=&#8221;1\/2&#8243;][vc_column_text el_class=&#8221;justify-class&#8221;]<\/p>\n<h2>Biography<\/h2>\n<p class=\"\" data-start=\"68\" data-end=\"768\">Luka Pajek, PhD, has been a teaching assistant and research fellow at the University of Ljubljana since 2015. He earned his Bachelor&#8217;s degree in Civil Engineering from the Faculty of Civil and Geodetic Engineering in 2012, followed by a Master\u2019s degree in 2015, for which he received the Pre\u0161eren Award for students. He completed his PhD in 2022. His research focuses on climate-adapted building design, energy efficiency in the context of climate change, and the thermal behavior of buildings and construction elements. He teaches at the Faculty of Civil and Geodetic Engineering, covering topics such as building envelope design, bioclimatic design, building energy simulation, energy-efficient buildings, and smart buildings.<\/p>\n<p class=\"\" data-start=\"770\" data-end=\"1218\">His work combines environmental data with building performance strategies to support sustainable building design. He is also a co-author of <a class=\"\" href=\"https:\/\/kske.fgg.uni-lj.si\/en\/bcchart\/\" target=\"_new\" rel=\"noopener\" data-start=\"915\" data-end=\"964\">BcChart<\/a>, a tool for bioclimatic potential analysis that helps align design decisions with local climate conditions. As he puts it, \u201cBeing curious as a scientist is like being inspired as an artist \u2013 you get addicted to both, the cause and the result.\u201d<\/p>\n<h2>Selected bibliography<\/h2>\n<p><span style=\"font-weight: 400;\">PAJEK, Luka, POTO\u010cNIK, Jaka, KO\u0160IR, Mitja. <strong>The effect of a warming climate on the relevance of passive design measures for heating and cooling of European single-family detached buildings<\/strong><\/span><strong>.<\/strong>\u00a0<i>Energy and Buildings <\/i><span style=\"font-weight: 400;\">2022, 261: 111947.<\/span><\/p>\n<p>doi:\u00a0<a href=\"https:\/\/doi.org\/10.1016\/j.enbuild.2022.111947\" target=\"_blank\" rel=\"noopener noreferrer\">https:\/\/doi.org\/10.1016\/j.enbuild.2022.111947<\/a><\/p>\n<p>&nbsp;<\/p>\n<p><span style=\"font-weight: 400;\">PAJEK, Luka, KO\u0160IR, Mitja. <\/span><b>Strategy for achieving long-term energy efficiency of European single-family buildings through passive climate adaptation.<\/b> <i><span style=\"font-weight: 400;\">Applied Energy<\/span><\/i><span style=\"font-weight: 400;\"> 2021, 297: 117116.<\/span><\/p>\n<p>doi:\u00a0<a href=\"https:\/\/doi.org\/10.1016\/j.apenergy.2021.117116\" target=\"_blank\" rel=\"noopener noreferrer\">https:\/\/doi.org\/10.1016\/j.apenergy.2021.117116<\/a><\/p>\n<p>&nbsp;<\/p>\n<p><span style=\"font-weight: 400;\">PAJEK, Luka, KO\u0160IR, Mitja. <\/span><b>Implications of present and upcoming changes in bioclimatic potential for energy performance of residential buildings.<\/b> <i><span style=\"font-weight: 400;\">Building and environment<\/span><\/i><span style=\"font-weight: 400;\"> 2018, 127: 157\u2013172.<\/span><\/p>\n<p>doi:\u00a0<a href=\"https:\/\/doi.org\/10.1016\/j.buildenv.2017.10.040\" target=\"_blank\" rel=\"noopener noreferrer\">https:\/\/doi.org\/10.1016\/j.buildenv.2017.10.040<\/a><\/p>\n<p>&nbsp;<\/p>\n<p><span style=\"font-weight: 400;\">PAJEK, Luka, HUDOBIVNIK, Bla\u017e, KUNI\u010c, Roman, KO\u0160IR, Mitja. <\/span><span style=\"font-weight: 400;\">\u00a0<\/span><b>Improving thermal response of lightweight timber building envelopes during cooling season in three European locations.<\/b> <i><span style=\"font-weight: 400;\">Journal of cleaner production<\/span><\/i><span style=\"font-weight: 400;\"> 2017, 156: 939\u2013952.<\/span><\/p>\n<p>doi: <a href=\"http:\/\/doi.org\/10.1016\/j.jclepro.2017.04.098\" target=\"_blank\" rel=\"noopener noreferrer\"><span style=\"font-weight: 400;\">http:\/\/doi.org\/10.1016\/j.jclepro.2017.04.098<\/span><\/a>[\/vc_column_text][\/vc_column_inner][\/vc_row_inner][\/vc_column][\/vc_row]<\/p>\n","protected":false},"excerpt":{"rendered":"<p>[vc_row][vc_column][vc_row_inner][vc_column_inner width=&#8221;1\/2&#8243;][vc_single_image image=&#8221;2173&#8243; img_size=&#8221;large&#8221; alignment=&#8221;center&#8221; image_hovers=&#8221;false&#8221;][vc_raw_html css=&#8221;.vc_custom_1516356490988{margin-top: 20px !important;margin-bottom: 20px !important;}&#8221;]JTVCdGFibGUlMjBpZCUzRDQlMjByZXNwb25zaXZlJTNEc2Nyb2xsJTIwJTJGJTVE[\/vc_raw_html][\/vc_column_inner][vc_column_inner width=&#8221;1\/2&#8243;][vc_column_text el_class=&#8221;justify-class&#8221;] Biography Luka Pajek, PhD, has been a teaching assistant and research fellow at the University of Ljubljana since 2015. He earned his Bachelor&#8217;s degree in Civil Engineering from the Faculty of Civil and Geodetic Engineering in 2012, followed by a Master\u2019s degree&hellip;<\/p>\n","protected":false},"author":2,"featured_media":0,"parent":302,"menu_order":0,"comment_status":"closed","ping_status":"closed","template":"","meta":[],"class_list":["post-2218","page","type-page","status-publish","hentry","description-off"],"_links":{"self":[{"href":"https:\/\/kske.fgg.uni-lj.si\/en\/wp-json\/wp\/v2\/pages\/2218","targetHints":{"allow":["GET"]}}],"collection":[{"href":"https:\/\/kske.fgg.uni-lj.si\/en\/wp-json\/wp\/v2\/pages"}],"about":[{"href":"https:\/\/kske.fgg.uni-lj.si\/en\/wp-json\/wp\/v2\/types\/page"}],"author":[{"embeddable":true,"href":"https:\/\/kske.fgg.uni-lj.si\/en\/wp-json\/wp\/v2\/users\/2"}],"replies":[{"embeddable":true,"href":"https:\/\/kske.fgg.uni-lj.si\/en\/wp-json\/wp\/v2\/comments?post=2218"}],"version-history":[{"count":21,"href":"https:\/\/kske.fgg.uni-lj.si\/en\/wp-json\/wp\/v2\/pages\/2218\/revisions"}],"predecessor-version":[{"id":2595,"href":"https:\/\/kske.fgg.uni-lj.si\/en\/wp-json\/wp\/v2\/pages\/2218\/revisions\/2595"}],"up":[{"embeddable":true,"href":"https:\/\/kske.fgg.uni-lj.si\/en\/wp-json\/wp\/v2\/pages\/302"}],"wp:attachment":[{"href":"https:\/\/kske.fgg.uni-lj.si\/en\/wp-json\/wp\/v2\/media?parent=2218"}],"curies":[{"name":"wp","href":"https:\/\/api.w.org\/{rel}","templated":true}]}}