{"id":2247,"date":"2018-01-19T12:18:17","date_gmt":"2018-01-19T12:18:17","guid":{"rendered":"http:\/\/193.2.92.62\/en\/?page_id=2247"},"modified":"2024-02-07T09:14:07","modified_gmt":"2024-02-07T09:14:07","slug":"bruno-kovac","status":"publish","type":"page","link":"https:\/\/kske.fgg.uni-lj.si\/en\/kske-members\/bruno-kovac\/","title":{"rendered":"Bruno Kova\u010d"},"content":{"rendered":"<p>[vc_row][vc_column][vc_row_inner][vc_column_inner width=&#8221;1\/2&#8243;][vc_single_image image=&#8221;2464&#8243; img_size=&#8221;large&#8221; alignment=&#8221;center&#8221; image_hovers=&#8221;false&#8221;][vc_raw_html css=&#8221;.vc_custom_1573730048463{margin-top: 20px !important;margin-bottom: 20px !important;}&#8221;]JTVCdGFibGUlMjBpZCUzRDglMjByZXNwb25zaXZlJTNEc2Nyb2xsJTIwJTJGJTVE[\/vc_raw_html][\/vc_column_inner][vc_column_inner width=&#8221;1\/2&#8243;][vc_column_text el_class=&#8221;justify-class&#8221;]<\/p>\n<h2>Biography<\/h2>\n<p>From October 2023, Bruno Kova\u010d is employed as a young researcher at the Chair of Buildings and Constructional Complexes (KSKE) (mentor: Assoc. Prof. Dr. Mateja Dovjak). In 2021, he completed the university undergraduate study of Environmental and Public Health, and in 2023 the university graduate study of Environmental and Public Health at the Faculty of Medicine of the University of Rijeka, Croatia. The topic of the diploma thesis research was the impact of ozone on the biofilm of clinical isolates of <em>Klebsiella pneumoniae<\/em>, and the mentioned research is part of the project &#8220;<em>Opportunistic pathogens of the water supply system: a new challenge in water treatment<\/em>&#8220;, led by Prof. Dr. Ivana Gobin. He won the Dean&#8217;s Award for Student Activism in the 2021\/2022 academic year. He also won the Rector&#8217;s Award for the best student scientific work in the academic year 2022\/2023. His current area of research is the characterization of the building envelope and its role in pollutant transfer and air quality in buildings. He participated in the ERASMUS+ student exchange traineeship programme from 25 April 2023 to 25 June 2023.<\/p>\n<p>&nbsp;<\/p>\n<p>&nbsp;<\/p>\n<h2>Selected bibliography<\/h2>\n<p>PILETI\u0106, K.; KOVA\u010c, B.; PER\u010cI\u0106, M.; \u017dIGON, J.; BROZNI\u0106, D.; KARLEU\u0160A, L.; LU\u010cI\u0106 BLAGOJEVI\u0106, S.; ODER, M.; GOBIN, I. <strong>Disinfecting Action of Gaseous Ozone on OXA-48-Producing\u00a0<em>Klebsiella pneumoniae<\/em>\u00a0Biofilm In Vitro.<\/strong>\u00a0<em>Int. J. Environ. Res. Public Health<\/em>\u00a02022,\u00a019, 6177.<\/p>\n<p>doi: <a href=\"https:\/\/doi.org\/10.3390\/ijerph19106177\">https:\/\/doi.org\/10.3390\/ijerph19106177<\/a><\/p>\n<p>&nbsp;<\/p>\n<p>PILETI\u0106, K.; KOVA\u010c, B.; PLANINI\u0106, M.; VASILJEV, V.; KARA\u010cONJI, I.B.; \u017dIGON, J.; GOBIN, I.; ODER, M. <strong>Combined Biocidal Effect of Gaseous Ozone and Citric Acid on\u00a0<em>Acinetobacter baumannii<\/em>\u00a0Biofilm Formed on Ceramic Tiles and Polystyrene as a Novel Approach for Infection Prevention and Control<\/strong><em>.\u00a0Processes<\/em>\u00a02022,\u00a010, 1788.<\/p>\n<p>doi: <a href=\"https:\/\/doi.org\/10.3390\/pr10091788\">https:\/\/doi.org\/10.3390\/pr10091788<\/a><\/p>\n<p>&nbsp;<\/p>\n<p>KOVA\u010c, B.; PILETI\u0106, K.; KOVA\u010cEVI\u0106 GANI\u0106, N.; GOBIN, I. <strong>The Effectiveness of Benzalkonium Chloride as an Active Compound on Selected Foodborne Pathogens Biofilm.<\/strong> <em>Hygiene<\/em> 2022, 2, 226-235.<\/p>\n<p>doi: <a href=\"https:\/\/doi.org\/10.3390\/hygiene2040020\">https:\/\/doi.org\/10.3390\/hygiene2040020<\/a><\/p>\n<p>&nbsp;<\/p>\n<p>KOVA\u010c, B.; PLANINI\u0106, A.; PLANINI\u0106, M.; PILETI\u0106, K.; GOBIN, I. <strong>Treatment with Gaseous Ozone Significantly Reduced the Number of Bacteria in Extended-Spectrum-\u03b2-Lactamase (ESBL)-Producing <em>Escherichia coli<\/em> Biofilm. <\/strong><em>Hygiene<\/em> 2023, 3, 125-135.<\/p>\n<p>doi: <a href=\"https:\/\/doi.org\/10.3390\/hygiene3020011\">https:\/\/doi.org\/10.3390\/hygiene3020011<\/a>[\/vc_column_text][\/vc_column_inner][\/vc_row_inner][\/vc_column][\/vc_row]<\/p>\n","protected":false},"excerpt":{"rendered":"<p>[vc_row][vc_column][vc_row_inner][vc_column_inner width=&#8221;1\/2&#8243;][vc_single_image image=&#8221;2464&#8243; img_size=&#8221;large&#8221; alignment=&#8221;center&#8221; image_hovers=&#8221;false&#8221;][vc_raw_html css=&#8221;.vc_custom_1573730048463{margin-top: 20px !important;margin-bottom: 20px !important;}&#8221;]JTVCdGFibGUlMjBpZCUzRDglMjByZXNwb25zaXZlJTNEc2Nyb2xsJTIwJTJGJTVE[\/vc_raw_html][\/vc_column_inner][vc_column_inner width=&#8221;1\/2&#8243;][vc_column_text el_class=&#8221;justify-class&#8221;] Biography From October 2023, Bruno Kova\u010d is employed as a young researcher at the Chair of Buildings and Constructional Complexes (KSKE) (mentor: Assoc. Prof. Dr. Mateja Dovjak). In 2021, he completed the university undergraduate study of Environmental and Public Health, and in&hellip;<\/p>\n","protected":false},"author":2,"featured_media":0,"parent":302,"menu_order":0,"comment_status":"closed","ping_status":"closed","template":"","meta":[],"class_list":["post-2247","page","type-page","status-publish","hentry","description-off"],"_links":{"self":[{"href":"https:\/\/kske.fgg.uni-lj.si\/en\/wp-json\/wp\/v2\/pages\/2247","targetHints":{"allow":["GET"]}}],"collection":[{"href":"https:\/\/kske.fgg.uni-lj.si\/en\/wp-json\/wp\/v2\/pages"}],"about":[{"href":"https:\/\/kske.fgg.uni-lj.si\/en\/wp-json\/wp\/v2\/types\/page"}],"author":[{"embeddable":true,"href":"https:\/\/kske.fgg.uni-lj.si\/en\/wp-json\/wp\/v2\/users\/2"}],"replies":[{"embeddable":true,"href":"https:\/\/kske.fgg.uni-lj.si\/en\/wp-json\/wp\/v2\/comments?post=2247"}],"version-history":[{"count":11,"href":"https:\/\/kske.fgg.uni-lj.si\/en\/wp-json\/wp\/v2\/pages\/2247\/revisions"}],"predecessor-version":[{"id":2467,"href":"https:\/\/kske.fgg.uni-lj.si\/en\/wp-json\/wp\/v2\/pages\/2247\/revisions\/2467"}],"up":[{"embeddable":true,"href":"https:\/\/kske.fgg.uni-lj.si\/en\/wp-json\/wp\/v2\/pages\/302"}],"wp:attachment":[{"href":"https:\/\/kske.fgg.uni-lj.si\/en\/wp-json\/wp\/v2\/media?parent=2247"}],"curies":[{"name":"wp","href":"https:\/\/api.w.org\/{rel}","templated":true}]}}