{"id":2258,"date":"2018-01-19T12:30:10","date_gmt":"2018-01-19T12:30:10","guid":{"rendered":"http:\/\/193.2.92.62\/en\/?page_id=2258"},"modified":"2025-11-04T11:38:55","modified_gmt":"2025-11-04T10:38:55","slug":"david-bozicek","status":"publish","type":"page","link":"https:\/\/kske.fgg.uni-lj.si\/en\/kske-members\/david-bozicek\/","title":{"rendered":"Assist. dr. David Bo\u017ei\u010dek"},"content":{"rendered":"<p>[vc_row][vc_column][vc_row_inner][vc_column_inner width=&#8221;1\/2&#8243;][vc_single_image image=&#8221;2399&#8243; img_size=&#8221;large&#8221; alignment=&#8221;center&#8221; image_hovers=&#8221;false&#8221;][vc_raw_html css=&#8221;.vc_custom_1516364885599{margin-top: 20px !important;margin-bottom: 20px !important;}&#8221;]JTVCdGFibGUlMjBpZCUzRDUlMjByZXNwb25zaXZlJTNEc2Nyb2xsJTIwJTJGJTVE[\/vc_raw_html][\/vc_column_inner][vc_column_inner width=&#8221;1\/2&#8243;][vc_column_text el_class=&#8221;justify-class&#8221;]<\/p>\n<h2>Biography<\/h2>\n<p>David Bo\u017ei\u010dek is a researcher at the faculty of Civil and Geodetic Engineering, University of Ljubljana. His primary research is focused on the environmental impact assessment of buildings, based on the Life Cycle Assessment (LCA) method. His other research topics are energy efficiency, thermal comfort and development of sustainable solutions in buildings. He complements his research profile with experiences from working as a product engineer, developing and implementing vacuum insulation panels (VIP). He is currently a teaching assistant at subjects related to building envelope design, energy efficiency, building renovation and building sustainability assessment.<\/p>\n<p>&nbsp;<\/p>\n<p>&nbsp;<\/p>\n<h2>Selected bibliography<\/h2>\n<p>BO\u017dI\u010cEK, David, KUNI\u010c, Roman, KO\u0160IR, Mitja. <strong>Interpreting environmental impacts in building design \u2013 application of a comparative assertion method in the context of the EPD scheme for building products<\/strong>. <em>Journal of cleaner production<\/em> 2021, 123399: 1\u201328.<\/p>\n<p>DOI: <a href=\"https:\/\/doi.org\/10.1016\/j.jclepro.2020.123399\">https:\/\/doi.org\/10.1016\/j.jclepro.2020.123399<\/a><\/p>\n<p>&nbsp;<\/p>\n<p>BO\u017dI\u010cEK, David, ALMEZERAANI, Youssef, KO\u0160IR, Mitja. <strong>Making sense of LCA results when evaluating multiple building designs \u2013 comparison of interpretation concepts<\/strong>. <em>Building research and information<\/em> 2023, vol. xx, iss. X.<\/p>\n<p>DOI: <a href=\"https:\/\/dx.doi.org\/10.1080\/09613218.2023.2236254\">10.1080\/09613218.2023.2236254<\/a><\/p>\n<p>&nbsp;<\/p>\n<p>BO\u017dI\u010cEK, David, PETERKOV\u00c1, Jitka, ZACH, Ji\u0159\u00ed, KO\u0160IR, Mitja. <strong>Vacuum insulation panels: An overview of research literature with an emphasis on environmental and economic studies for building applications<\/strong>. <em>Renewable &amp; sustainable energy reviews<\/em> 2024, vol. 189, 113849.<\/p>\n<p>DOI: <a href=\"https:\/\/dx.doi.org\/10.1016\/j.rser.2023.113849\">10.1016\/j.rser.2023.113849<\/a><\/p>\n<p>&nbsp;<\/p>\n<p>BO\u017dI\u010cEK, David, KUNI\u010c, Roman, KRAINER, Ale\u0161, STRITIH, Uro\u0161, DOVJAK, Mateja. <strong>Mutual influence of external wall thermal transmittance, thermal inertia, and room orientation on office thermal comfort and energy demand<\/strong>. <em>Energies<\/em> 2023, vol. 16, iss. 8, art. 3524<\/p>\n<p>DOI: <a href=\"https:\/\/dx.doi.org\/10.3390\/en16083524\">10.3390\/en16083524<\/a>[\/vc_column_text][\/vc_column_inner][\/vc_row_inner][\/vc_column][\/vc_row]<\/p>\n","protected":false},"excerpt":{"rendered":"<p>[vc_row][vc_column][vc_row_inner][vc_column_inner width=&#8221;1\/2&#8243;][vc_single_image image=&#8221;2399&#8243; img_size=&#8221;large&#8221; alignment=&#8221;center&#8221; image_hovers=&#8221;false&#8221;][vc_raw_html css=&#8221;.vc_custom_1516364885599{margin-top: 20px !important;margin-bottom: 20px !important;}&#8221;]JTVCdGFibGUlMjBpZCUzRDUlMjByZXNwb25zaXZlJTNEc2Nyb2xsJTIwJTJGJTVE[\/vc_raw_html][\/vc_column_inner][vc_column_inner width=&#8221;1\/2&#8243;][vc_column_text el_class=&#8221;justify-class&#8221;] Biography David Bo\u017ei\u010dek is a researcher at the faculty of Civil and Geodetic Engineering, University of Ljubljana. His primary research is focused on the environmental impact assessment of buildings, based on the Life Cycle Assessment (LCA) method. His other research topics are&hellip;<\/p>\n","protected":false},"author":2,"featured_media":0,"parent":302,"menu_order":0,"comment_status":"closed","ping_status":"closed","template":"","meta":[],"class_list":["post-2258","page","type-page","status-publish","hentry","description-off"],"_links":{"self":[{"href":"https:\/\/kske.fgg.uni-lj.si\/en\/wp-json\/wp\/v2\/pages\/2258","targetHints":{"allow":["GET"]}}],"collection":[{"href":"https:\/\/kske.fgg.uni-lj.si\/en\/wp-json\/wp\/v2\/pages"}],"about":[{"href":"https:\/\/kske.fgg.uni-lj.si\/en\/wp-json\/wp\/v2\/types\/page"}],"author":[{"embeddable":true,"href":"https:\/\/kske.fgg.uni-lj.si\/en\/wp-json\/wp\/v2\/users\/2"}],"replies":[{"embeddable":true,"href":"https:\/\/kske.fgg.uni-lj.si\/en\/wp-json\/wp\/v2\/comments?post=2258"}],"version-history":[{"count":10,"href":"https:\/\/kske.fgg.uni-lj.si\/en\/wp-json\/wp\/v2\/pages\/2258\/revisions"}],"predecessor-version":[{"id":2597,"href":"https:\/\/kske.fgg.uni-lj.si\/en\/wp-json\/wp\/v2\/pages\/2258\/revisions\/2597"}],"up":[{"embeddable":true,"href":"https:\/\/kske.fgg.uni-lj.si\/en\/wp-json\/wp\/v2\/pages\/302"}],"wp:attachment":[{"href":"https:\/\/kske.fgg.uni-lj.si\/en\/wp-json\/wp\/v2\/media?parent=2258"}],"curies":[{"name":"wp","href":"https:\/\/api.w.org\/{rel}","templated":true}]}}