{"id":2414,"date":"2021-11-08T14:56:05","date_gmt":"2021-11-08T14:56:05","guid":{"rendered":"https:\/\/kske.fgg.uni-lj.si\/en\/?page_id=2414"},"modified":"2025-04-20T22:44:12","modified_gmt":"2025-04-20T22:44:12","slug":"project-ycpdeep","status":"publish","type":"page","link":"https:\/\/kske.fgg.uni-lj.si\/en\/project-ycpdeep\/","title":{"rendered":"PROJECT YCPdeep"},"content":{"rendered":"\n<p class=\"has-huge-font-size\"><strong>PROJECT YCPdeep<\/strong> <\/p>\n\n\n\n<p class=\"has-medium-font-size\"><em>Calculation of Yearly Circadian Potential in Buildings Using Deep Learning Techniques<\/em><\/p>\n\n\n\n<p class=\"has-white-color has-text-color\">\/<\/p>\n\n\n\n<p><strong>PROJECT DESCRIPTION:<\/strong><\/p>\n\n\n\n<div class=\"wp-block-columns is-layout-flex wp-container-core-columns-is-layout-9d6595d7 wp-block-columns-is-layout-flex\">\n<div class=\"wp-block-column is-layout-flow wp-block-column-is-layout-flow\" style=\"flex-basis:300px\">\n<p>Recent discoveries in the field suggest that daylight is the most important daily circadian rhythm synchroniser in humans. The third photoreceptor type ipRGCs (intrinsically photosensitive Retinal Ganglion Cells) affect the secretion of melatonin \u2013 a sleep hormone that regulates the wake-sleep cycle. The response of the circadian phototransduction system is very different from the visual one, as it is maximally sensitive to light in the blue part of the spectrum and is time-conditioned. Light is desirable in the morning, but in the evening, it is recommended to avoid high light levels rich in blue light. Due to the complexity of estimating the circadian light content, this cannot be achieved with conventional visual daylighting simulation tools. Currently, tools capable of calculating the received spectral composition of radiation, which allow the evaluation of light from the circadian system\u2019s point of view, are limited to the point-in-time spectral content evaluation.<\/p>\n<\/div>\n\n\n\n<div class=\"wp-block-column is-layout-flow wp-block-column-is-layout-flow\">\n<figure class=\"wp-block-image size-full\"><img loading=\"lazy\" decoding=\"async\" width=\"685\" height=\"992\" src=\"http:\/\/kske.fgg.uni-lj.si\/en\/wp-content\/uploads\/2021\/11\/Figure_1_72_ppi.png\" alt=\"\" class=\"wp-image-2415\" srcset=\"https:\/\/kske.fgg.uni-lj.si\/en\/wp-content\/uploads\/2021\/11\/Figure_1_72_ppi.png 685w, https:\/\/kske.fgg.uni-lj.si\/en\/wp-content\/uploads\/2021\/11\/Figure_1_72_ppi-207x300.png 207w\" sizes=\"auto, (max-width: 685px) 100vw, 685px\" \/><\/figure>\n<\/div>\n<\/div>\n\n\n\n<p>The main goal of the YCPdeep project is to create a tool for predicting the \u201chealth\u201d potential of the indoor lighting environment that will reliably predict the circadian and visual part of the indoor daylighting environment in buildings from the user&#8217;s point of view. This will be enabled for a selected point-in-time, day, month, or whole year for locations between 35\u00ba to 60\u00ba northern geographic latitude. The tool will function on the basis of an neural networks model and will be able to reliably predict circadian light using basic data about geometric and optical properties of the considered space as well as climatic data of the location. The proposed variation of the parameters will ensure the general applicability of the devised tool. The results of each of the iterations of multispectral simulations will be assessed using state-of-the-art methods for evaluating the circadian light content. The artificial neural networks model, which will be created on the basis of the mentioned simulation database, will be able to predict visual and circadian daylighting for any selected time of a year. Such a model will then be implemented in an online tool for evaluation of a healthy daylighting environment, which in addition to light quantities at a certain point-in-time will also allow estimation of the average amounts of circadian and visual light, while evaluating the duration of exposure to circadian and\/or visually appropriate daylight for a period of a day, month or whole year using the newly proposed metrics of climate-based circadian light. The proposed tool will be the first of its kind in the field of daylighting and will enable the user to easily and quickly obtain the mentioned results on the basis of geometric, optical, and climatic input data.<\/p>\n\n\n\n<p><\/p>\n\n\n\n<p><strong>PROJECT SCHEDULE:<\/strong><\/p>\n\n\n\n<figure class=\"wp-block-image size-full\"><img loading=\"lazy\" decoding=\"async\" width=\"756\" height=\"381\" src=\"http:\/\/kske.fgg.uni-lj.si\/en\/wp-content\/uploads\/2021\/11\/Figure_2_72_ppi.jpg\" alt=\"\" class=\"wp-image-2416\" srcset=\"https:\/\/kske.fgg.uni-lj.si\/en\/wp-content\/uploads\/2021\/11\/Figure_2_72_ppi.jpg 756w, https:\/\/kske.fgg.uni-lj.si\/en\/wp-content\/uploads\/2021\/11\/Figure_2_72_ppi-300x151.jpg 300w\" sizes=\"auto, (max-width: 756px) 100vw, 756px\" \/><\/figure>\n\n\n\n<p class=\"has-white-color has-text-color\">\/<\/p>\n\n\n\n<p><strong>RESEARCH TEAM:<\/strong><\/p>\n\n\n\n<ul class=\"wp-block-list\">\n<li><a href=\"https:\/\/www.sicris.si\/public\/jqm\/search_basic.aspx?lang=slv&amp;opdescr=search&amp;opt=2&amp;subopt=1&amp;code1=cmn&amp;code2=auto&amp;search_term=mitja%20ko%C5%A1ir\" data-type=\"URL\" data-id=\"https:\/\/www.sicris.si\/public\/jqm\/search_basic.aspx?lang=slv&amp;opdescr=search&amp;opt=2&amp;subopt=1&amp;code1=cmn&amp;code2=auto&amp;search_term=mitja%20ko%C5%A1ir\">Mitja Ko\u0161ir<\/a><\/li>\n\n\n\n<li><a href=\"https:\/\/www.sicris.si\/public\/jqm\/search_basic.aspx?lang=slv&amp;opdescr=search&amp;opt=2&amp;subopt=1&amp;code1=cmn&amp;code2=auto&amp;search_term=Jaka%20Poto%C4%8Dnik\" data-type=\"URL\" data-id=\"https:\/\/www.sicris.si\/public\/jqm\/search_basic.aspx?lang=slv&amp;opdescr=search&amp;opt=2&amp;subopt=1&amp;code1=cmn&amp;code2=auto&amp;search_term=Jaka%20Poto%C4%8Dnik\">Jaka Poto\u010dnik<\/a><\/li>\n\n\n\n<li><a href=\"https:\/\/www.sicris.si\/public\/jqm\/search_basic.aspx?lang=slv&amp;opdescr=search&amp;opt=2&amp;subopt=1&amp;code1=cmn&amp;code2=auto&amp;search_term=Goran%20Turk\" data-type=\"URL\" data-id=\"https:\/\/www.sicris.si\/public\/jqm\/search_basic.aspx?lang=slv&amp;opdescr=search&amp;opt=2&amp;subopt=1&amp;code1=cmn&amp;code2=auto&amp;search_term=Goran%20Turk\">Goran Turk<\/a><\/li>\n\n\n\n<li><a href=\"https:\/\/www.sicris.si\/public\/jqm\/search_basic.aspx?lang=slv&amp;opdescr=search&amp;opt=2&amp;subopt=1&amp;code1=cmn&amp;code2=auto&amp;search_term=Toma%C5%BE%20Hozjan\" data-type=\"URL\" data-id=\"https:\/\/www.sicris.si\/public\/jqm\/search_basic.aspx?lang=slv&amp;opdescr=search&amp;opt=2&amp;subopt=1&amp;code1=cmn&amp;code2=auto&amp;search_term=Toma%C5%BE%20Hozjan\">Toma\u017e Hozjan<\/a><\/li>\n\n\n\n<li><a href=\"https:\/\/www.sicris.si\/public\/jqm\/search_basic.aspx?lang=slv&amp;opdescr=search&amp;opt=2&amp;subopt=1&amp;code1=cmn&amp;code2=auto&amp;search_term=David%20Bo%C5%BEi%C4%8Dek\" data-type=\"URL\" data-id=\"https:\/\/www.sicris.si\/public\/jqm\/search_basic.aspx?lang=slv&amp;opdescr=search&amp;opt=2&amp;subopt=1&amp;code1=cmn&amp;code2=auto&amp;search_term=David%20Bo%C5%BEi%C4%8Dek\">David Bo\u017ei\u010dek<\/a><\/li>\n\n\n\n<li><a href=\"https:\/\/www.sicris.si\/public\/jqm\/search_basic.aspx?lang=slv&amp;opdescr=search&amp;opt=2&amp;subopt=1&amp;code1=cmn&amp;code2=auto&amp;search_term=Robert%20Pe%C4%8Denko\" data-type=\"URL\" data-id=\"https:\/\/www.sicris.si\/public\/jqm\/search_basic.aspx?lang=slv&amp;opdescr=search&amp;opt=2&amp;subopt=1&amp;code1=cmn&amp;code2=auto&amp;search_term=Robert%20Pe%C4%8Denko\">Robert Pe\u010denko<\/a><\/li>\n<\/ul>\n\n\n\n<p class=\"has-white-color has-text-color\">\/<\/p>\n\n\n\n<p><\/p>\n\n\n\n<p><strong>PUBLICATIONS:<\/strong><\/p>\n\n\n\n<p>Original article:<\/p>\n\n\n\n<p>\u0160PRAH, Nata\u0161a, POTO\u010cNIK, Jaka, KO\u0160IR, Mitja. The influence of fa\u00e7ade colour, glazing area and geometric configuration of urban canyon on the spectral characteristics of daylight.\u00a0<em>Building and Environment<\/em>. [Online ed.]. March 2024, vol. 251, [atricle no.] 111214, 17 str., ilustr. ISSN 1873-684X.\u00a0<a href=\"https:\/\/dk.um.si\/IzpisGradiva.php?id=86796\" target=\"_blank\" rel=\"noreferrer noopener\">Digitalna knji\u017enica Univerze v Mariboru \u2013 DKUM<\/a>,\u00a0<a href=\"https:\/\/repozitorij.uni-lj.si\/IzpisGradiva.php?id=156205\" target=\"_blank\" rel=\"noreferrer noopener\">Repozitorij Univerze v Ljubljani \u2013 RUL<\/a>, DOI:\u00a0<a href=\"https:\/\/dx.doi.org\/10.1016\/j.buildenv.2024.111214\" target=\"_blank\" rel=\"noreferrer noopener\">10.1016\/j.buildenv.2024.111214<\/a>.<\/p>\n\n\n\n<p>POTO\u010cNIK, Jaka, PAJEK, Luka, KO\u0160IR, Mitja. Experimental investigation of the impact of model complexity on indoor daylight spectral simulations.\u00a0<em>Developments in the built environment<\/em>. dec. 2024, art. 100543, vol. 20, str. 1-15, ilustr. ISSN 2666-1659. DOI:\u00a0<a href=\"https:\/\/dx.doi.org\/10.1016\/j.dibe.2024.100543\" target=\"_blank\" rel=\"noreferrer noopener\">10.1016\/j.dibe.2024.100543<\/a>.<\/p>\n\n\n\n<p>POTO\u010cNIK, Jaka, KO\u0160IR, Mitja. The necessity for multi-spectral simulations of the indoor non-visual luminous environment &#8211; a simplified annual approach.\u00a0<em>Buildings<\/em>. [Online ed.]. maj 2023, \u0161t. 5, art. 1357, letn. 13, str. 1-31, ilustr. ISSN 2075-5309.\u00a0<a href=\"https:\/\/www.mdpi.com\/2075-5309\/13\/5\/1357\" target=\"_blank\" rel=\"noreferrer noopener\">https:\/\/www.mdpi.com\/2075-5309\/13\/5\/1357<\/a>,\u00a0<a href=\"https:\/\/repozitorij.uni-lj.si\/admin\/GradivoOsnovno.php?id=146417\" target=\"_blank\" rel=\"noreferrer noopener\">https:\/\/repozitorij.uni-lj.si\/admin\/GradivoOsnovno.php?id=146417<\/a>,\u00a0<a href=\"https:\/\/repozitorij.uni-lj.si\/IzpisGradiva.php?id=146417\" target=\"_blank\" rel=\"noreferrer noopener\">Repozitorij Univerze v Ljubljani \u2013 RUL<\/a>, DOI:\u00a0<a href=\"https:\/\/dx.doi.org\/10.3390\/buildings13051357\" target=\"_blank\" rel=\"noreferrer noopener\">10.3390\/buildings13051357<\/a>.<\/p>\n\n\n\n<p>Conference papers:<\/p>\n\n\n\n<p>POTO\u010cNIK, Jaka, KO\u0160IR, Mitja. Deep learning techniques for prediction of nonvisual luminous content of cellular offices. V:\u00a0<em>EuroSun2024 : ISES and IEA SHC International Conference on Sustainable and Solar Energy for Buildings and Industry : 23. &#8211; 30. August 2024, Limassol, Cyprus : proceedings<\/em>. Freiburg: International Solar Energy Society, cop. 2025. Str. 98-109, ilustr. ISBN 978-3-9826306-0-1.\u00a0<a href=\"https:\/\/proceedings.ises.org\/conference\/eurosun2024\/EuroSun2024-Proceedings.pdf\" target=\"_blank\" rel=\"noreferrer noopener\">https:\/\/proceedings.ises.org\/conference\/eurosun2024\/EuroSun2024-Proceedings.pdf<\/a>, DOI:\u00a0<a href=\"https:\/\/dx.doi.org\/10.18086\/eurosun.2024.01.10\" target=\"_blank\" rel=\"noreferrer noopener\">10.18086\/eurosun.2024.01.10<\/a>.<\/p>\n\n\n\n<p>KO\u0160IR, Mitja, POTO\u010cNIK, Jaka, \u0160PRAH, Nata\u0161a. Influence of sky view factor and fa\u00e7ade color on spectral daylight properties at the fa\u00e7ade in urban canyon. V: BERARDI, Umberto (ur.).\u00a0<em>Multiphysics and multiscale building physics : proceedings of the 9th International Building Physics Conference (IBPC 2024). Vol. 4, Indoor air quality (IAQ), lighting and acoustics<\/em>. Singapore: Springer, cop. 2025. Str. 273\u2013278, ilustr. Lecture notes in civil engineering, vol. 555. ISBN 978-981-97-8317-5. ISSN 2366-2565.\u00a0<a href=\"https:\/\/link.springer.com\/chapter\/10.1007\/978-981-97-8317-5_40\" target=\"_blank\" rel=\"noreferrer noopener\">https:\/\/link.springer.com\/chapter\/10.1007\/978-981-97-8317-5_40<\/a>, DOI:\u00a0<a href=\"https:\/\/dx.doi.org\/10.1007\/978-981-97-8317-5_40\" target=\"_blank\" rel=\"noreferrer noopener\">10.1007\/978-981-97-8317-5_40<\/a>.<\/p>\n\n\n\n<p>POTO\u010cNIK, Jaka, PAJEK, Luka, KO\u0160IR, Mitja. Importance of Model Level of Detail and Level of Information in Non-image Forming Simulations: A Case Study on Real-life Office. V:\u00a0<em>Proceedings of the Solar World Congress 2023 in New Delhi, India : Solar world congress 30 oct &#8211; 04 nov 2023, Nev Delhi, India<\/em>. Freiburg: International Solar Energy Society, 2024. Str. 486-493, ilustr. ISBN 978-3-9820408-9-9.\u00a0<a href=\"https:\/\/proceedings.ises.org\/citation?doi=swc.2023.06.08&amp;mode=list\" target=\"_blank\" rel=\"noreferrer noopener\">https:\/\/proceedings.ises.org\/citation?doi=swc.2023.06.08&amp;mode=list<\/a>, DOI:\u00a0<a href=\"https:\/\/dx.doi.org\/10.18086\/swc.2023.06.08\" target=\"_blank\" rel=\"noreferrer noopener\">10.18086\/swc.2023.06.08<\/a>.<\/p>\n\n\n\n<p>POTO\u010cNIK, Jaka, KO\u0160IR, Mitja. Predicting the melanopic potential of indoor coloured surfaces using artificial neural networks. V: RAKO\u010cEVI\u0106, Marina (ur.), \u0160\u0106EPANOVI\u0106, Biljana (ur.).\u00a0<em>GNP 2022 Proceedings : The Eighth International Conference Civil Engineering &#8211; Science &amp; Practice, Kola\u0161in, 8-12 March 2022<\/em>. [Podgorica]: University of Montenegro Faculty of Civil Engineering, 2022. Str. 691-688, ilustr. ISBN 978-86-82707-35-6.<\/p>\n\n\n\n<p>Software:<\/p>\n\n\n\n<p>KO\u0160IR, Mitja, POTO\u010cNIK, Jaka.\u00a0<em>YCPdeep tool &#8211; Yearly Circadian Potential Calculation Tool : verzija<\/em>. Ljubljana: UL FGG, KSKE, 2024.\u00a0<a href=\"https:\/\/kske.fgg.uni-lj.si\/en\/project-ycpdeep\/\" target=\"_blank\" rel=\"noreferrer noopener\">https:\/\/kske.fgg.uni-lj.si\/en\/project-ycpdeep\/<\/a>,\u00a0<a href=\"http:\/\/ycpdeep.com\/\" target=\"_blank\" rel=\"noreferrer noopener\">http:\/\/ycpdeep.com\/<\/a>.<\/p>\n\n\n\n<p class=\"has-white-color has-text-color\">\/<\/p>\n\n\n\n<p><\/p>\n\n\n\n<p><strong>FINANCING INFORMATION AND LOGOS OF THE MAIN FINANCERS:<\/strong><\/p>\n\n\n\n<figure class=\"wp-block-image size-full is-resized\"><img decoding=\"async\" src=\"http:\/\/kske.fgg.uni-lj.si\/en\/wp-content\/uploads\/2021\/11\/ARRSLogo_2016_ang.svg\" alt=\"\" class=\"wp-image-2417\" style=\"width:200px;height:50px\"\/><\/figure>\n\n\n\n<p><\/p>\n\n\n\n<p>The project is funded by the Slovenian Research Agency (ARRS) under the call \u201cPublic call for the (co-) financing of research projects in 2021\u201d<br>Type of the research project: Small Basic Project \u2013 100 000 EUR\/year<br>Project title: Calculation of Yearly Circadian Potential in Buildings Using Deep Learning Techniques<br>Acronym: YCPdeep<br>Project No.: J2-3036<br>Project duration: 3 years, 1. 10. 2021 \u2013 30. 9. 2024<\/p>\n","protected":false},"excerpt":{"rendered":"<p>PROJECT YCPdeep Calculation of Yearly Circadian Potential in Buildings Using Deep Learning Techniques \/ PROJECT DESCRIPTION: Recent discoveries in the field suggest that daylight is the most important daily circadian rhythm synchroniser in humans. The third photoreceptor type ipRGCs (intrinsically photosensitive Retinal Ganglion Cells) affect the secretion of melatonin \u2013 a sleep hormone that regulates&hellip;<\/p>\n","protected":false},"author":2,"featured_media":0,"parent":0,"menu_order":0,"comment_status":"closed","ping_status":"closed","template":"","meta":[],"class_list":["post-2414","page","type-page","status-publish","hentry","description-off"],"_links":{"self":[{"href":"https:\/\/kske.fgg.uni-lj.si\/en\/wp-json\/wp\/v2\/pages\/2414","targetHints":{"allow":["GET"]}}],"collection":[{"href":"https:\/\/kske.fgg.uni-lj.si\/en\/wp-json\/wp\/v2\/pages"}],"about":[{"href":"https:\/\/kske.fgg.uni-lj.si\/en\/wp-json\/wp\/v2\/types\/page"}],"author":[{"embeddable":true,"href":"https:\/\/kske.fgg.uni-lj.si\/en\/wp-json\/wp\/v2\/users\/2"}],"replies":[{"embeddable":true,"href":"https:\/\/kske.fgg.uni-lj.si\/en\/wp-json\/wp\/v2\/comments?post=2414"}],"version-history":[{"count":5,"href":"https:\/\/kske.fgg.uni-lj.si\/en\/wp-json\/wp\/v2\/pages\/2414\/revisions"}],"predecessor-version":[{"id":2491,"href":"https:\/\/kske.fgg.uni-lj.si\/en\/wp-json\/wp\/v2\/pages\/2414\/revisions\/2491"}],"wp:attachment":[{"href":"https:\/\/kske.fgg.uni-lj.si\/en\/wp-json\/wp\/v2\/media?parent=2414"}],"curies":[{"name":"wp","href":"https:\/\/api.w.org\/{rel}","templated":true}]}}