{"id":2426,"date":"2022-02-25T13:22:59","date_gmt":"2022-02-25T13:22:59","guid":{"rendered":"https:\/\/kske.fgg.uni-lj.si\/en\/?page_id=2426"},"modified":"2024-02-14T07:51:21","modified_gmt":"2024-02-14T07:51:21","slug":"project-econanovip","status":"publish","type":"page","link":"https:\/\/kske.fgg.uni-lj.si\/en\/project-econanovip\/","title":{"rendered":"PROJECT ECOnanoVIP"},"content":{"rendered":"\n<p class=\"has-huge-font-size\"><strong>PROJECT ECOnanoVIP<\/strong> <\/p>\n\n\n\n<p class=\"has-medium-font-size\">Study of thermal properties and reduced life cycle impact of alternative hybrid eco-nanomaterials under low pressure<\/p>\n\n\n\n<p> <\/p>\n\n\n\n<div class=\"wp-block-columns is-layout-flex wp-container-core-columns-is-layout-9d6595d7 wp-block-columns-is-layout-flex\">\n<div class=\"wp-block-column is-layout-flow wp-block-column-is-layout-flow\"><\/div>\n<\/div>\n\n\n\n<p> <\/p>\n\n\n\n<p><\/p>\n\n\n\n<p><strong>PROJECT DESCRIPTION:<\/strong><\/p>\n\n\n\n<p>Vacuum insulation panels (VIP) represent a new type of advanced materials with an extremely low thermal conductivity value, in the range of 5 &#8211; 10 times lower than conventional thermal insulation materials. Most VIPs on the market are produced with core insulators based on fumed\/pyrogenic SiO2 (silica) or ultrafine glass fibres. Due to the desirable relation between thermal conductivity and internal gas pressure, fumed silica VIPs are most commonly used in the building sector. Despite their desirable thermal properties, fumed silica core vacuum insulation has been shown to exert a higher environmental impact than alternative core materials and conventional building thermal insulators (e.g. mineral wool, polystyrene). Additionally, VIPs with fumed silica core exert a high purchase price (approx. 3,000.00 EUR\/m3). Therefore it is of great interest to develop novel VIP core materials with advantageous cost-related and, most importantly, environmental impacts. A promising solution are hybrid fumed silica core materials combined with ultrafine fibres sourced from waste products of industrial output streams. Therefore, the proposed project will evaluate the thermal properties of alternative hybrid eco-nanomaterials suitable for VIP core (low pressure, vacuum, environment). The evaluation of eco-nanomaterial behaviour will be based on laboratory measurements, comparison of mathematical models and semi-scale experiments under actual conditions. Besides the study of physical properties and in order to develop a sustainable solution, life cycle modelling is going to be applied, with a particular focus on reducing the environmental impact. For this, the life cycle assessment (LCA) method is going to be used. To evaluate the life cycle impact holistically, the VIP will be evaluated in the context of building applications. A substantial knowledge gap has been identified on this subject, as there are only a handful of studies that evaluate VIPs&#8217; environmental impact in buildings. The research of the environmental impact of VIP in the context of building applications is going to be based on 3D building models and state of the art simulation software (energy, LCA). Besides variation of VIP &#8220;in use&#8221; scenarios, additional study parameters that influence the building energy demand will be evaluated, including VIP aging scenarios, climate, and climate change. With this approach, besides filling the identified knowledge gaps related to VIPs, this project will illustrate the potential of applying the life cycle thinking approach and using the LCA method in material research, product and building design. In this way, the research is going to contribute to the sustainability of the building sector.<\/p>\n\n\n\n<p><\/p>\n\n\n\n<p><strong>PROJECT SCHEDULE:<\/strong><\/p>\n\n\n\n<figure class=\"wp-block-image size-full\"><img loading=\"lazy\" decoding=\"async\" width=\"921\" height=\"544\" src=\"http:\/\/kske.fgg.uni-lj.si\/en\/wp-content\/uploads\/2022\/02\/plan.png\" alt=\"\" class=\"wp-image-2425\" srcset=\"https:\/\/kske.fgg.uni-lj.si\/en\/wp-content\/uploads\/2022\/02\/plan.png 921w, https:\/\/kske.fgg.uni-lj.si\/en\/wp-content\/uploads\/2022\/02\/plan-300x177.png 300w, https:\/\/kske.fgg.uni-lj.si\/en\/wp-content\/uploads\/2022\/02\/plan-768x454.png 768w\" sizes=\"auto, (max-width: 921px) 100vw, 921px\" \/><\/figure>\n\n\n\n<p><\/p>\n\n\n\n<p><strong>RESEARCH TEAM:<\/strong><\/p>\n\n\n\n<ul class=\"wp-block-list\">\n<li><a href=\"https:\/\/cris.cobiss.net\/ecris\/si\/sl\/researcher\/18860\" data-type=\"URL\" data-id=\"https:\/\/www.sicris.si\/public\/jqm\/search_basic.aspx?lang=slv&amp;opdescr=search&amp;opt=2&amp;subopt=1&amp;code1=cmn&amp;code2=auto&amp;search_term=mitja%20ko%C5%A1ir\">Mitja Ko\u0161ir<\/a><\/li>\n\n\n\n<li><a href=\"https:\/\/cris.cobiss.net\/ecris\/si\/sl\/researcher\/45935\" data-type=\"URL\" data-id=\"https:\/\/www.sicris.si\/public\/jqm\/search_basic.aspx?lang=slv&amp;opdescr=search&amp;opt=2&amp;subopt=1&amp;code1=cmn&amp;code2=auto&amp;search_term=David%20Bo%C5%BEi%C4%8Dek\">David Bo\u017ei\u010dek<\/a><\/li>\n\n\n\n<li><a href=\"https:\/\/cris.cobiss.net\/ecris\/si\/sl\/researcher\/43101\">Katja Malovrh Rebec<\/a><\/li>\n\n\n\n<li><a href=\"https:\/\/cris.cobiss.net\/ecris\/si\/sl\/researcher\/47881\">Anja Le\u0161ek<\/a><\/li>\n<\/ul>\n\n\n\n<p><strong>FORMER TEAM MEMBERS:<\/strong><\/p>\n\n\n\n<ul class=\"wp-block-list\">\n<li>Sabina Jordan<\/li>\n\n\n\n<li>Tajda Potr\u010d Obrecht<\/li>\n<\/ul>\n\n\n\n<p><strong>PUBLICATIONS:<\/strong><\/p>\n\n\n\n<p>Original article:<\/p>\n\n\n\n<p>ZACH, Ji\u0159\u00ed, NOV\u00c1K, V\u00edt\u011bzslav, PETERKOV\u00c1, Jitka, BUBEN\u00cdK, Jan, KO\u0160IR, Mitja, BO\u017dI\u010cEK, David, KREJZA, Zden\u011bk. The use of advanced environmentally friendly systems in the insulation and reconstruction of buildings. <em>Buildings<\/em>. [Online ed.]. feb. 2023, \u0161t. 2\/404, letn. 13, str. 1-15, ilustr. ISSN 2075-5309. <a href=\"https:\/\/www.mdpi.com\/2075-5309\/13\/2\/404\" target=\"_blank\" rel=\"noreferrer noopener\">https:\/\/www.mdpi.com\/2075-5309\/13\/2\/404<\/a>, <a href=\"https:\/\/repozitorij.uni-lj.si\/IzpisGradiva.php?id=146465\" target=\"_blank\" rel=\"noreferrer noopener\">https:\/\/repozitorij.uni-lj.si\/IzpisGradiva.php?id=146465<\/a>, <a href=\"https:\/\/repozitorij.uni-lj.si\/IzpisGradiva.php?id=146465\" target=\"_blank\" rel=\"noreferrer noopener\">https:\/\/repozitorij.uni-lj.si\/IzpisGradiva.php?id=146465<\/a>, DOI: <a href=\"https:\/\/dx.doi.org\/10.3390\/buildings13020404\" target=\"_blank\" rel=\"noreferrer noopener\">10.3390\/buildings13020404<\/a>.<\/p>\n\n\n\n<p>Review article:<\/p>\n\n\n\n<p>BO\u017dI\u010cEK, David, PETERKOV\u00c1, Jitka, ZACH, Ji\u0159\u00ed, KO\u0160IR, Mitja. Vacuum insulation panels: An overview of research literature with an emphasis on environmental and economic studies for building applications. <em>Renewable &amp; sustainable energy reviews : an international journal<\/em>. [Print ed.]. Jan. 2024, vol. 189, [article no.] 113849, str. 1-18, ilustr. ISSN 1364-0321. <a href=\"https:\/\/www.sciencedirect.com\/science\/article\/pii\/S1364032123007074?via%3Dihub\" target=\"_blank\" rel=\"noreferrer noopener\">https:\/\/www.sciencedirect.com\/science\/article\/pii\/S1364032123007074?via%3Dihub<\/a>, DOI: <a href=\"https:\/\/dx.doi.org\/10.1016\/j.rser.2023.113849\" target=\"_blank\" rel=\"noreferrer noopener\">10.1016\/j.rser.2023.113849<\/a>.<\/p>\n\n\n\n<p>Conference papers:<\/p>\n\n\n\n<p>ZACH, Ji\u0159\u00ed, PETERKOV\u00c1, Jitka, NOV\u00c1K, V\u00edt\u011bzslav, BUBEN\u00cdK, Jan, KO\u0160IR, Mitja, BO\u017dI\u010cEK, David. Study of the possibility of using vacuum insulation panels in building construction in comparison with conventional insulators. V: BOH\u00c1, Martin (ur.). <em>International conference building materials, products and technologies (ICBMPT 2023) : 23\/05\/2023 &#8211; 25\/05\/2023 Tel\u010d, Czechia<\/em>. Bristol: Institute of Physics Publishing, 2023. Str. 1-12, ilustr. Journal of physics. Conference series (Online), Vol. 2568, 2023. ISSN 1742-6596. <a href=\"https:\/\/iopscience.iop.org\/article\/10.1088\/1742-6596\/2568\/1\/012011\/pdf\" target=\"_blank\" rel=\"noreferrer noopener\">https:\/\/iopscience.iop.org\/article\/10.1088\/1742-6596\/2568\/1\/012011\/pdf<\/a>, DOI: <a href=\"https:\/\/dx.doi.org\/10.1088\/1742-6596\/2568\/1\/012011\" target=\"_blank\" rel=\"noreferrer noopener\">10.1088\/1742-6596\/2568\/1\/012011<\/a>.<\/p>\n\n\n\n<p>ZACH, Ji\u0159\u00ed, NOV\u00c1K, V\u00edt\u011bzslav, PETERKOV\u00c1, Jitka, BUBEN\u00cdK, Jan, KO\u0160IR, Mitja, BO\u017dI\u010cEK, David. Life cycle study of superinsulating materials for use in construction and other industrial areas. V: BOH\u00c1\u010c, Martin (ur.). <em>International conference building materials, products and technologies : 06\/06\/2022 &#8211; 09\/06\/2022 Telc, Czechia<\/em>. Bristol: Institute of Physics Publishing, 2022. Str. 1-8, ilustr. Journal of physics. Conference series (Online), Vol. 2341, 2022. ISSN 1742-6596. <a href=\"https:\/\/iopscience.iop.org\/article\/10.1088\/1742-6596\/2341\/1\/012018\/pdf\" target=\"_blank\" rel=\"noreferrer noopener\">https:\/\/iopscience.iop.org\/article\/10.1088\/1742-6596\/2341\/1\/012018\/pdf<\/a>, DOI: <a href=\"https:\/\/dx.doi.org\/10.1088\/1742-6596\/2341\/1\/012018\" target=\"_blank\" rel=\"noreferrer noopener\">10.1088\/1742-6596\/2341\/1\/012018<\/a>.<\/p>\n\n\n\n<p><\/p>\n\n\n\n<p><strong>FINANCING INFORMATION AND LOGOS OF THE MAIN FINANCERS:<\/strong><\/p>\n\n\n\n<figure class=\"wp-block-image size-full is-resized\"><img decoding=\"async\" src=\"http:\/\/kske.fgg.uni-lj.si\/en\/wp-content\/uploads\/2021\/11\/ARRSLogo_2016_ang.svg\" alt=\"\" class=\"wp-image-2417\" style=\"width:200px;height:50px\"\/><\/figure>\n\n\n\n<p> <\/p>\n\n\n\n<p>The project is funded by the Slovenian Research Agency (ARRS) under the call \u201cPublic call for the financing of the Slovenian part of Weave joint bilateral or trilateral research projects, where GA \u010cR (Grantov\u00e1 Agentura \u010cesk\u00e9 Republiky) serves as the lead agency\u201d<br>Type of the research project: Basic Project \u2013 226118,88 EUR<br>Project title: Study of thermal properties and reduced life cycle impact of alternative hybrid eco-nanomaterials under low pressure<br>Acronym: ECOnanoVIP<br>Project No.: N2-0258<br>Project duration: 3 years, 1. 3. 2022 \u2013 28. 2. 2025<\/p>\n","protected":false},"excerpt":{"rendered":"<p>PROJECT ECOnanoVIP Study of thermal properties and reduced life cycle impact of alternative hybrid eco-nanomaterials under low pressure PROJECT DESCRIPTION: Vacuum insulation panels (VIP) represent a new type of advanced materials with an extremely low thermal conductivity value, in the range of 5 &#8211; 10 times lower than conventional thermal insulation materials. Most VIPs on&hellip;<\/p>\n","protected":false},"author":2,"featured_media":0,"parent":0,"menu_order":0,"comment_status":"closed","ping_status":"closed","template":"","meta":[],"class_list":["post-2426","page","type-page","status-publish","hentry","description-off"],"_links":{"self":[{"href":"https:\/\/kske.fgg.uni-lj.si\/en\/wp-json\/wp\/v2\/pages\/2426","targetHints":{"allow":["GET"]}}],"collection":[{"href":"https:\/\/kske.fgg.uni-lj.si\/en\/wp-json\/wp\/v2\/pages"}],"about":[{"href":"https:\/\/kske.fgg.uni-lj.si\/en\/wp-json\/wp\/v2\/types\/page"}],"author":[{"embeddable":true,"href":"https:\/\/kske.fgg.uni-lj.si\/en\/wp-json\/wp\/v2\/users\/2"}],"replies":[{"embeddable":true,"href":"https:\/\/kske.fgg.uni-lj.si\/en\/wp-json\/wp\/v2\/comments?post=2426"}],"version-history":[{"count":8,"href":"https:\/\/kske.fgg.uni-lj.si\/en\/wp-json\/wp\/v2\/pages\/2426\/revisions"}],"predecessor-version":[{"id":2480,"href":"https:\/\/kske.fgg.uni-lj.si\/en\/wp-json\/wp\/v2\/pages\/2426\/revisions\/2480"}],"wp:attachment":[{"href":"https:\/\/kske.fgg.uni-lj.si\/en\/wp-json\/wp\/v2\/media?parent=2426"}],"curies":[{"name":"wp","href":"https:\/\/api.w.org\/{rel}","templated":true}]}}