{"id":302,"date":"2010-03-18T18:44:31","date_gmt":"2010-03-18T18:44:31","guid":{"rendered":"http:\/\/the7.dream-demo.com\/business\/?page_id=302"},"modified":"2022-07-18T08:15:58","modified_gmt":"2022-07-18T08:15:58","slug":"kske-members","status":"publish","type":"page","link":"https:\/\/kske.fgg.uni-lj.si\/en\/kske-members\/","title":{"rendered":"Members"},"content":{"rendered":"<p>[vc_row][vc_column]<div id=\"ultimate-heading-269069e034a2a7d20\" class=\"uvc-heading ult-adjust-bottom-margin ultimate-heading-269069e034a2a7d20 uvc-391 \" data-hspacer=\"no_spacer\"  data-halign=\"center\" style=\"text-align:center\"><div class=\"uvc-heading-spacer no_spacer\" style=\"top\"><\/div><div class=\"uvc-main-heading ult-responsive\"  data-ultimate-target='.uvc-heading.ultimate-heading-269069e034a2a7d20 h2'  data-responsive-json-new='{\"font-size\":\"desktop:42px;\",\"line-height\":\"\"}' ><h2 style=\"font-weight:bold;margin-bottom:40px;\">CHAIR MEMBERS<\/h2><\/div><\/div><div class=\"wf-container resize-by-browser-width loading-effect-fade-in iso-grid description-under-image content-align-centre\" data-padding=\"25px\" data-cur-page=\"1\" data-desktop-columns-num=\"4\" data-v-tablet-columns-num=\"3\" data-h-tablet-columns-num=\"4\" data-phone-columns-num=\"1\" data-width=\"370px\" data-columns=\"2\"><div class=\"wf-cell\" data-post-id=\"498\" data-date=\"2014-03-19T12:05:52+01:00\" data-name=\"Assoc. Prof. dr. Mitja Ko\u0161ir\">\n\t<div class=\"team-container post-498 dt_team type-dt_team status-publish has-post-thumbnail hentry dt_team_category-1-team dt_team_category-38 description-off\">\n\n\t\t<div class=\"team-media\"><a href=\"https:\/\/kske.fgg.uni-lj.si\/en\/osebje\/mitja-kosir\/\" class=\"rollover layzr-bg\"><img loading=\"lazy\" decoding=\"async\" class=\"preload-me iso-lazy-load\" src=\"data:image\/svg+xml,%3Csvg%20xmlns%3D&#39;http%3A%2F%2Fwww.w3.org%2F2000%2Fsvg&#39;%20viewBox%3D&#39;0%200%20555%20555&#39;%2F%3E\" data-src=\"https:\/\/kske.fgg.uni-lj.si\/en\/wp-content\/uploads\/2014\/03\/mitja-kosir-555x555.jpg\" data-srcset=\"https:\/\/kske.fgg.uni-lj.si\/en\/wp-content\/uploads\/2014\/03\/mitja-kosir-555x555.jpg 555w, https:\/\/kske.fgg.uni-lj.si\/en\/wp-content\/uploads\/2014\/03\/mitja-kosir-1110x1110.jpg 1110w\" width=\"555\" height=\"555\"  title=\"mitja-kosir\" alt=\"\" \/><\/a><\/div>\n\t\t<div class=\"team-desc\">\n\n\t\t\t<div class=\"team-author\"><div class=\"team-author-name\"><a href=\" https:\/\/kske.fgg.uni-lj.si\/en\/osebje\/mitja-kosir\/ \">Assoc. Prof. dr. Mitja Ko\u0161ir<\/a><\/div><p>teaching staff\/researcher<\/p><\/div><div class=\"team-content\"><p>Head<\/p>\n<\/div>\n\t\t<\/div>\n\t<\/div><\/div><div class=\"wf-cell\" data-post-id=\"497\" data-date=\"2014-03-19T12:03:53+01:00\" data-name=\"Assoc. Prof. dr. Mateja Dovjak\">\n\t<div class=\"team-container post-497 dt_team type-dt_team status-publish has-post-thumbnail hentry dt_team_category-1-team dt_team_category-38 description-off\">\n\n\t\t<div class=\"team-media\"><a href=\"https:\/\/kske.fgg.uni-lj.si\/en\/osebje\/mateja-dovjak\/\" class=\"rollover layzr-bg\"><img loading=\"lazy\" decoding=\"async\" class=\"preload-me iso-lazy-load\" src=\"data:image\/svg+xml,%3Csvg%20xmlns%3D&#39;http%3A%2F%2Fwww.w3.org%2F2000%2Fsvg&#39;%20viewBox%3D&#39;0%200%20555%20555&#39;%2F%3E\" data-src=\"https:\/\/kske.fgg.uni-lj.si\/en\/wp-content\/uploads\/2014\/03\/mateja-dovjak-555x555.jpg\" data-srcset=\"https:\/\/kske.fgg.uni-lj.si\/en\/wp-content\/uploads\/2014\/03\/mateja-dovjak-555x555.jpg 555w, https:\/\/kske.fgg.uni-lj.si\/en\/wp-content\/uploads\/2014\/03\/mateja-dovjak-1110x1110.jpg 1110w\" width=\"555\" height=\"555\"  title=\"mateja-dovjak\" alt=\"\" \/><\/a><\/div>\n\t\t<div class=\"team-desc\">\n\n\t\t\t<div class=\"team-author\"><div class=\"team-author-name\"><a href=\" https:\/\/kske.fgg.uni-lj.si\/en\/osebje\/mateja-dovjak\/ \">Assoc. Prof. dr. Mateja Dovjak<\/a><\/div><p>teaching staff\/researcher<\/p><\/div><div class=\"team-content\"><p>Deputy Head<\/p>\n<\/div>\n\t\t<\/div>\n\t<\/div><\/div><div class=\"wf-cell\" data-post-id=\"499\" data-date=\"2014-03-18T12:07:02+01:00\" data-name=\"Assist. Prof. dr. Luka Pajek\">\n\t<div class=\"team-container post-499 dt_team type-dt_team status-publish has-post-thumbnail hentry dt_team_category-1-team dt_team_category-38 description-off\">\n\n\t\t<div class=\"team-media\"><a href=\"https:\/\/kske.fgg.uni-lj.si\/en\/osebje\/luka-pajek\/\" class=\"rollover layzr-bg\"><img loading=\"lazy\" decoding=\"async\" class=\"preload-me iso-lazy-load\" src=\"data:image\/svg+xml,%3Csvg%20xmlns%3D&#39;http%3A%2F%2Fwww.w3.org%2F2000%2Fsvg&#39;%20viewBox%3D&#39;0%200%20555%20555&#39;%2F%3E\" data-src=\"https:\/\/kske.fgg.uni-lj.si\/en\/wp-content\/uploads\/2014\/03\/luka-pajek-555x555.jpg\" data-srcset=\"https:\/\/kske.fgg.uni-lj.si\/en\/wp-content\/uploads\/2014\/03\/luka-pajek-555x555.jpg 555w, https:\/\/kske.fgg.uni-lj.si\/en\/wp-content\/uploads\/2014\/03\/luka-pajek-1110x1110.jpg 1110w\" width=\"555\" height=\"555\"  title=\"luka-pajek\" alt=\"\" \/><\/a><\/div>\n\t\t<div class=\"team-desc\">\n\n\t\t\t<div class=\"team-author\"><div class=\"team-author-name\"><a href=\" https:\/\/kske.fgg.uni-lj.si\/en\/osebje\/luka-pajek\/ \">Assist. Prof. dr. Luka Pajek<\/a><\/div><p>teaching staff\/researcher<\/p><\/div>\n\t\t<\/div>\n\t<\/div><\/div><div class=\"wf-cell\" data-post-id=\"501\" data-date=\"2014-03-17T12:10:08+01:00\" data-name=\"Assist. dr. David Bo\u017ei\u010dek\">\n\t<div class=\"team-container post-501 dt_team type-dt_team status-publish has-post-thumbnail hentry dt_team_category-1-team dt_team_category-38 description-off\">\n\n\t\t<div class=\"team-media\"><a href=\"https:\/\/kske.fgg.uni-lj.si\/en\/osebje\/david-bozicek\/\" class=\"rollover layzr-bg\"><img loading=\"lazy\" decoding=\"async\" class=\"preload-me iso-lazy-load\" src=\"data:image\/svg+xml,%3Csvg%20xmlns%3D&#39;http%3A%2F%2Fwww.w3.org%2F2000%2Fsvg&#39;%20viewBox%3D&#39;0%200%20555%20555&#39;%2F%3E\" data-src=\"https:\/\/kske.fgg.uni-lj.si\/en\/wp-content\/uploads\/2020\/10\/David_Bozicek_KSKE2-555x555.png\" data-srcset=\"https:\/\/kske.fgg.uni-lj.si\/en\/wp-content\/uploads\/2020\/10\/David_Bozicek_KSKE2-555x555.png 555w, https:\/\/kske.fgg.uni-lj.si\/en\/wp-content\/uploads\/2020\/10\/David_Bozicek_KSKE2-1110x1110.png 1110w\" width=\"555\" height=\"555\"  title=\"David_Bo\u017ei\u010dek_KSKE2\" alt=\"\" \/><\/a><\/div>\n\t\t<div class=\"team-desc\">\n\n\t\t\t<div class=\"team-author\"><div class=\"team-author-name\"><a href=\" https:\/\/kske.fgg.uni-lj.si\/en\/osebje\/david-bozicek\/ \">Assist. dr. David Bo\u017ei\u010dek<\/a><\/div><p>teaching staff\/researcher<\/p><\/div>\n\t\t<\/div>\n\t<\/div><\/div><div class=\"wf-cell\" data-post-id=\"1811\" data-date=\"2010-03-23T13:23:41+01:00\" data-name=\"Assist. Prof. dr. Jaka Poto\u010dnik\">\n\t<div class=\"team-container post-1811 dt_team type-dt_team status-publish has-post-thumbnail hentry dt_team_category-1-team dt_team_category-38 description-off\">\n\n\t\t<div class=\"team-media\"><a href=\"https:\/\/kske.fgg.uni-lj.si\/en\/osebje\/jaka-potocnik\/\" class=\"rollover layzr-bg\"><img loading=\"lazy\" decoding=\"async\" class=\"preload-me iso-lazy-load\" src=\"data:image\/svg+xml,%3Csvg%20xmlns%3D&#39;http%3A%2F%2Fwww.w3.org%2F2000%2Fsvg&#39;%20viewBox%3D&#39;0%200%20555%20555&#39;%2F%3E\" data-src=\"https:\/\/kske.fgg.uni-lj.si\/en\/wp-content\/uploads\/2010\/03\/jaka-potocnik-555x555.jpg\" data-srcset=\"https:\/\/kske.fgg.uni-lj.si\/en\/wp-content\/uploads\/2010\/03\/jaka-potocnik-555x555.jpg 555w, https:\/\/kske.fgg.uni-lj.si\/en\/wp-content\/uploads\/2010\/03\/jaka-potocnik-1110x1110.jpg 1110w\" width=\"555\" height=\"555\"  title=\"jaka-potocnik\" alt=\"\" \/><\/a><\/div>\n\t\t<div class=\"team-desc\">\n\n\t\t\t<div class=\"team-author\"><div class=\"team-author-name\"><a href=\" https:\/\/kske.fgg.uni-lj.si\/en\/osebje\/jaka-potocnik\/ \">Assist. Prof. dr. Jaka Poto\u010dnik<\/a><\/div><p>researcher<\/p><\/div>\n\t\t<\/div>\n\t<\/div><\/div><div class=\"wf-cell\" data-post-id=\"2369\" data-date=\"2010-03-13T12:37:16+01:00\" data-name=\"Assist. Bruno Kova\u010d\">\n\t<div class=\"team-container post-2369 dt_team type-dt_team status-publish has-post-thumbnail hentry dt_team_category-1-team dt_team_category-38 description-off\">\n\n\t\t<div class=\"team-media\"><a href=\"https:\/\/kske.fgg.uni-lj.si\/en\/osebje\/bruno-kovac\/\" class=\"rollover layzr-bg\"><img loading=\"lazy\" decoding=\"async\" class=\"preload-me iso-lazy-load\" src=\"data:image\/svg+xml,%3Csvg%20xmlns%3D&#39;http%3A%2F%2Fwww.w3.org%2F2000%2Fsvg&#39;%20viewBox%3D&#39;0%200%20555%20555&#39;%2F%3E\" data-src=\"https:\/\/kske.fgg.uni-lj.si\/en\/wp-content\/uploads\/2024\/02\/Bruno-Kovac-slika-FGG_cb.jpg\" data-srcset=\"https:\/\/kske.fgg.uni-lj.si\/en\/wp-content\/uploads\/2024\/02\/Bruno-Kovac-slika-FGG_cb.jpg 555w\" width=\"555\" height=\"555\"  title=\"Bruno Kova\u010d slika FGG_\u010db\" alt=\"\" \/><\/a><\/div>\n\t\t<div class=\"team-desc\">\n\n\t\t\t<div class=\"team-author\"><div class=\"team-author-name\"><a href=\" https:\/\/kske.fgg.uni-lj.si\/en\/osebje\/bruno-kovac\/ \">Assist. Bruno Kova\u010d<\/a><\/div><p>junior researcher<\/p><\/div>\n\t\t<\/div>\n\t<\/div><\/div><\/div>[\/vc_column][\/vc_row][vc_row][vc_column][vc_row_inner][vc_column_inner]<div id=\"ultimate-heading-922169e034a2ac6dc\" class=\"uvc-heading ult-adjust-bottom-margin ultimate-heading-922169e034a2ac6dc uvc-2982 \" data-hspacer=\"no_spacer\"  data-halign=\"center\" style=\"text-align:center\"><div class=\"uvc-heading-spacer no_spacer\" style=\"top\"><\/div><div class=\"uvc-main-heading ult-responsive\"  data-ultimate-target='.uvc-heading.ultimate-heading-922169e034a2ac6dc h2'  data-responsive-json-new='{\"font-size\":\"desktop:42px;\",\"line-height\":\"\"}' ><h2 style=\"font-weight:bold;margin-top:70px;margin-bottom:40px;\">COLLABORATORS IN THE PAST<\/h2><\/div><\/div>[vc_wp_text]<\/p>\n<ul>\n<li>mag. Bo\u0161tjan Furlan<\/li>\n<li>dr. Bla\u017e Hudobivnik<\/li>\n<li>Nata\u0161a Igli\u010d<\/li>\n<li>dr. Sabina Jordan<\/li>\n<li>mag. Silvija Kovi\u010d<\/li>\n<li>Prof. dr. Ale\u0161 Krainer<\/li>\n<li>Prof. dr. \u017diva Kristl<\/li>\n<li>Assoc. Prof. dr. Roman Kuni\u010d<\/li>\n<li>dr. Mateja Trobec Lah<\/li>\n<li>dr. Vito Lampret<\/li>\n<li>Rudi Perdan<\/li>\n<li>Prof. dr. Jo\u017ee Peternelj<\/li>\n<li>Assoc. Prof. dr. Niko Seli\u0161kar<\/li>\n<li>dr. Manoj Kumar Singh<\/li>\n<li>Assoc. Prof. dr. Marjana \u0160ijanec Zavrl<\/li>\n<li>Nika \u0160ubic<\/li>\n<li>mag. Miha Tom\u0161i\u010d<\/li>\n<\/ul>\n<p>[\/vc_wp_text][\/vc_column_inner][\/vc_row_inner][\/vc_column][\/vc_row]<\/p>\n","protected":false},"excerpt":{"rendered":"<p>[vc_row][vc_column][\/vc_column][\/vc_row][vc_row][vc_column][vc_row_inner][vc_column_inner][vc_wp_text] mag. Bo\u0161tjan Furlan dr. Bla\u017e Hudobivnik Nata\u0161a Igli\u010d dr. Sabina Jordan mag. Silvija Kovi\u010d Prof. dr. Ale\u0161 Krainer Prof. dr. \u017diva Kristl Assoc. Prof. dr. Roman Kuni\u010d dr. Mateja Trobec Lah dr. Vito Lampret Rudi Perdan Prof. dr. Jo\u017ee Peternelj Assoc. Prof. dr. Niko Seli\u0161kar dr. Manoj Kumar Singh Assoc. Prof. dr. Marjana \u0160ijanec&hellip;<\/p>\n","protected":false},"author":2,"featured_media":0,"parent":0,"menu_order":15,"comment_status":"closed","ping_status":"closed","template":"","meta":[],"class_list":["post-302","page","type-page","status-publish","hentry","description-off"],"_links":{"self":[{"href":"https:\/\/kske.fgg.uni-lj.si\/en\/wp-json\/wp\/v2\/pages\/302","targetHints":{"allow":["GET"]}}],"collection":[{"href":"https:\/\/kske.fgg.uni-lj.si\/en\/wp-json\/wp\/v2\/pages"}],"about":[{"href":"https:\/\/kske.fgg.uni-lj.si\/en\/wp-json\/wp\/v2\/types\/page"}],"author":[{"embeddable":true,"href":"https:\/\/kske.fgg.uni-lj.si\/en\/wp-json\/wp\/v2\/users\/2"}],"replies":[{"embeddable":true,"href":"https:\/\/kske.fgg.uni-lj.si\/en\/wp-json\/wp\/v2\/comments?post=302"}],"version-history":[{"count":19,"href":"https:\/\/kske.fgg.uni-lj.si\/en\/wp-json\/wp\/v2\/pages\/302\/revisions"}],"predecessor-version":[{"id":2445,"href":"https:\/\/kske.fgg.uni-lj.si\/en\/wp-json\/wp\/v2\/pages\/302\/revisions\/2445"}],"wp:attachment":[{"href":"https:\/\/kske.fgg.uni-lj.si\/en\/wp-json\/wp\/v2\/media?parent=302"}],"curies":[{"name":"wp","href":"https:\/\/api.w.org\/{rel}","templated":true}]}}